{"id":2,"date":"2006-11-05T14:43:53","date_gmt":"2006-11-05T14:43:53","guid":{"rendered":""},"modified":"2006-11-11T17:01:58","modified_gmt":"2006-11-11T17:01:58","slug":"about","status":"publish","type":"page","link":"https:\/\/umjurista.aovento.com\/?page_id=2","title":{"rendered":"Biografia"},"content":{"rendered":"<p>Nasceu em Bolama, Guin\u00e9, aos 5 de Maio de 1944.<\/p>\n<p>Viveu a sua inf\u00e2ncia e fez os seus primeiros estudos em Luanda, Angola, tendo-se mantido ligado a \u00c1frica at\u00e9 1975.<\/p>\n<p>Fez os seus estudos secund\u00e1rios em Tomar, Lisboa e Coimbra, tendo conclu\u00eddo a sua licenciatura em Direito na Universidade desta \u00faltima cidade, em 1 975.<\/p>\n<p>Na mesma Universidade, sua verdadeira <em>\u00abAlma Mater\u00bb<\/em>,\u00a0frequentou, em 1979\/80, um curso de p\u00f3s-gradua\u00e7\u00e3o em Ci\u00eancias Jur\u00eddico-Pol\u00edticas: \u00e1reas da Filosofia do Direito e do Direito Constitucional.<\/p>\n<p>Frequentou ainda, entre outros, um curso de Direito Comunit\u00e1rio\u00a0[Uni\u00e3o Europeia],\u00a0no Instituto Nacional de Administra\u00e7\u00e3o, em Oeiras\/1990.<\/p>\n<p>Entre 1976 e 2006, foi jurista no Minist\u00e9rio da Agricultura, at\u00e9 \u00e0 categoria de Assessor Principal, na Direc\u00e7\u00e3o Regional de Agricultura da Beira Litoral, em Coimbra. Aposentou-se dessa carreira em Junho de 2006.<\/p>\n","protected":false},"excerpt":{"rendered":"<p>Nasceu em Bolama, Guin\u00e9, aos 5 de Maio de 1944. Viveu a sua inf\u00e2ncia e fez os seus primeiros estudos em Luanda, Angola, tendo-se mantido ligado a \u00c1frica at\u00e9 1975. Fez os seus estudos secund\u00e1rios em Tomar, Lisboa e Coimbra, tendo conclu\u00eddo a sua licenciatura em Direito na Universidade desta \u00faltima cidade, em 1 975. [&hellip;]<\/p>\n","protected":false},"author":1,"featured_media":0,"parent":0,"menu_order":0,"comment_status":"closed","ping_status":"open","template":"","meta":{"footnotes":""},"class_list":["post-2","page","type-page","status-publish","hentry"],"_links":{"self":[{"href":"https:\/\/umjurista.aovento.com\/index.php?rest_route=\/wp\/v2\/pages\/2","targetHints":{"allow":["GET"]}}],"collection":[{"href":"https:\/\/umjurista.aovento.com\/index.php?rest_route=\/wp\/v2\/pages"}],"about":[{"href":"https:\/\/umjurista.aovento.com\/index.php?rest_route=\/wp\/v2\/types\/page"}],"author":[{"embeddable":true,"href":"https:\/\/umjurista.aovento.com\/index.php?rest_route=\/wp\/v2\/users\/1"}],"replies":[{"embeddable":true,"href":"https:\/\/umjurista.aovento.com\/index.php?rest_route=%2Fwp%2Fv2%2Fcomments&post=2"}],"version-history":[{"count":0,"href":"https:\/\/umjurista.aovento.com\/index.php?rest_route=\/wp\/v2\/pages\/2\/revisions"}],"wp:attachment":[{"href":"https:\/\/umjurista.aovento.com\/index.php?rest_route=%2Fwp%2Fv2%2Fmedia&parent=2"}],"curies":[{"name":"wp","href":"https:\/\/api.w.org\/{rel}","templated":true}]}}