{"id":3,"date":"2006-11-05T17:08:28","date_gmt":"2006-11-05T17:08:28","guid":{"rendered":"http:\/\/umjurista.aovento.com\/?page_id=3"},"modified":"2006-11-11T17:04:48","modified_gmt":"2006-11-11T17:04:48","slug":"pessoa-humana-e-ordem-de-direito","status":"publish","type":"page","link":"https:\/\/umjurista.aovento.com\/?page_id=3","title":{"rendered":"Pessoa humana e ordem de direito"},"content":{"rendered":"<p>O presente trabalho \u00e9 uma tentativa [= ensaio ] de clarifica\u00e7\u00e3o, de sistematiza\u00e7\u00e3o, de s\u00edntese, de desenvolvimento e de afina\u00e7\u00e3o conceptual do conte\u00fado essencial, mais relevante, de trabalhos anteriores do autor e do seu pensamento pol\u00edtico e jur\u00eddico, em evolu\u00e7\u00e3o, ao longo do seu tempo e ao longo do tempo deste pr\u00f3prio livro.<\/p>\n<p>Num primeiro cap\u00edtulo aborda-se o conceito filos\u00f3fico-antropol\u00f3gico fundamental e universal, prevalecente na (e pr\u00f3prio da) nossa civiliza\u00e7\u00e3o greco-latina, judaico-crist\u00e3 e europeia ou (tamb\u00e9m dita &#8230; ) ocidental e atl\u00e2ntica: o de pessoa humana &#8211; e contesta-se, veementemente, um certo personalismo social-substantivista e comunitarista dogm\u00e1tico, que \u00e9 o dominante e de matriz cat\u00f3lica &#8230;, opondo-se, a este \u00faltimo, uma concep\u00e7\u00e3o individualista (e\/ou: \u201cindividuante \/ individualizante\u201d&#8230;), realista e cr\u00edtica da pessoa humana e, por a\u00ed, um personalismo cr\u00edtico e liberal aberto &#8211; ou um: liberalismo comunit\u00e1rio, como correlativo de uma concep\u00e7\u00e3o de comunidade aberta, como comunidade social livre, de coopera\u00e7\u00e3o e de mercado &#8211; no plano da realidade social e econ\u00f3mica &#8211; e como comunidade p\u00fablico-pol\u00edtica aberta, livre, soberana e de direito, no plano normativo-cultural, institucional e jur\u00eddico-pol\u00edtico &#8230;<\/p>\n<p>Num segundo cap\u00edtulo s\u00e3o abordadas algumas vis\u00f5es sociol\u00f3gicas das nossas contempor\u00e2neas sociedades abertas ocidentais &#8211; e exposto um certo modelo liberal, do autor, de: tr\u00eas n\u00edveis socio-estruturais fundamentais, aonde se actualizam e realizam diferentes formas de liberdade-no-mundo &#8230;<\/p>\n<p>Finalmente &#8211; num terceiro cap\u00edtulo, \u00e9 referido o decisivo rel\u00eavo supra-estrutural de uma certa ordem cultural e civilizacional, m\u00e9taconsciente e transpositiva &#8211; e, a\u00ed, o lugar de uma (poss\u00edvel &#8230;) ordem de direito, referindo-se o que se pensa serem os genu\u00ednos valores fundamentais dessa ordem : a sua suprema axiologia, ou o seu, tamb\u00e9m dito, <em>paramount law<\/em> &#8230; &#8211; e apontando-se, a final, para uma utopia normativo-cultural e jur\u00eddico-pol\u00edtica aberta de uma comunidade de direito &#8211; e \/ ou de uma grande sociedade aberta, plural, heterog\u00e9nea e livre, de direito, de coopera\u00e7\u00e3o e de mercado, hoje, afinal, quase j\u00e1, uma realidade planet\u00e1ria \u201cglobal\u201d !!!<\/p>\n<p><a id=\"p4\" href=\"http:\/\/umjurista.aovento.com\/wp-content\/uploads\/2006\/11\/pessoahumana_e_ordem_dedireito.pdf\" target=\"_blank\">Poder\u00e1 fazer ler o texto completo deste livro aqui.<\/a><\/p>\n","protected":false},"excerpt":{"rendered":"<p>O presente trabalho \u00e9 uma tentativa [= ensaio ] de clarifica\u00e7\u00e3o, de sistematiza\u00e7\u00e3o, de s\u00edntese, de desenvolvimento e de afina\u00e7\u00e3o conceptual do conte\u00fado essencial, mais relevante, de trabalhos anteriores do autor e do seu pensamento pol\u00edtico e jur\u00eddico, em evolu\u00e7\u00e3o, ao longo do seu tempo e ao longo do tempo deste pr\u00f3prio livro. Num primeiro [&hellip;]<\/p>\n","protected":false},"author":1,"featured_media":0,"parent":0,"menu_order":0,"comment_status":"open","ping_status":"open","template":"","meta":{"footnotes":""},"class_list":["post-3","page","type-page","status-publish","hentry"],"_links":{"self":[{"href":"https:\/\/umjurista.aovento.com\/index.php?rest_route=\/wp\/v2\/pages\/3","targetHints":{"allow":["GET"]}}],"collection":[{"href":"https:\/\/umjurista.aovento.com\/index.php?rest_route=\/wp\/v2\/pages"}],"about":[{"href":"https:\/\/umjurista.aovento.com\/index.php?rest_route=\/wp\/v2\/types\/page"}],"author":[{"embeddable":true,"href":"https:\/\/umjurista.aovento.com\/index.php?rest_route=\/wp\/v2\/users\/1"}],"replies":[{"embeddable":true,"href":"https:\/\/umjurista.aovento.com\/index.php?rest_route=%2Fwp%2Fv2%2Fcomments&post=3"}],"version-history":[{"count":0,"href":"https:\/\/umjurista.aovento.com\/index.php?rest_route=\/wp\/v2\/pages\/3\/revisions"}],"wp:attachment":[{"href":"https:\/\/umjurista.aovento.com\/index.php?rest_route=%2Fwp%2Fv2%2Fmedia&parent=3"}],"curies":[{"name":"wp","href":"https:\/\/api.w.org\/{rel}","templated":true}]}}